{"id":125,"date":"2026-01-20T21:43:26","date_gmt":"2026-01-20T20:43:26","guid":{"rendered":"https:\/\/schreinerei-pinnekamp.de\/?page_id=125"},"modified":"2026-01-25T22:12:38","modified_gmt":"2026-01-25T21:12:38","slug":"home","status":"publish","type":"page","link":"https:\/\/schreinerei-pinnekamp.de\/","title":{"rendered":"Startseite"},"content":{"rendered":"\t\t<div data-elementor-type=\"wp-post\" data-elementor-id=\"125\" class=\"elementor elementor-125\">\n\t\t\t\t<div class=\"elementor-element elementor-element-094be62 e-flex e-con-boxed e-con e-parent\" data-id=\"094be62\" data-element_type=\"container\" data-settings=\"{&quot;background_background&quot;:&quot;classic&quot;}\">\n\t\t\t\t\t<div class=\"e-con-inner\">\n\t\t<div class=\"elementor-element elementor-element-03016dc e-con-full e-flex e-con e-child\" data-id=\"03016dc\" data-element_type=\"container\">\n\t\t\t\t<div class=\"elementor-element elementor-element-431bb09 elementor-widget elementor-widget-heading\" data-id=\"431bb09\" data-element_type=\"widget\" data-widget_type=\"heading.default\">\n\t\t\t\t<div class=\"elementor-widget-container\">\n\t\t\t\t\t<h3 class=\"elementor-heading-title elementor-size-default\">Willkommen bei Pinnekamp<\/h3>\t\t\t\t<\/div>\n\t\t\t\t<\/div>\n\t\t\t\t<div class=\"elementor-element elementor-element-fcdaf37 elementor-widget elementor-widget-heading\" data-id=\"fcdaf37\" data-element_type=\"widget\" data-widget_type=\"heading.default\">\n\t\t\t\t<div class=\"elementor-widget-container\">\n\t\t\t\t\t<h1 class=\"elementor-heading-title elementor-size-default\">Individuelle Ma\u00dfarbeit aus Holz.<\/h1>\t\t\t\t<\/div>\n\t\t\t\t<\/div>\n\t\t\t\t<div class=\"elementor-element elementor-element-32bc7f1 elementor-align-center elementor-widget elementor-widget-button\" data-id=\"32bc7f1\" data-element_type=\"widget\" data-widget_type=\"button.default\">\n\t\t\t\t<div class=\"elementor-widget-container\">\n\t\t\t\t\t\t\t\t\t<div class=\"elementor-button-wrapper\">\n\t\t\t\t\t<a class=\"elementor-button elementor-button-link elementor-size-sm\" href=\"https:\/\/schreinerei-pinnekamp.de\/?page_id=508\">\n\t\t\t\t\t\t<span class=\"elementor-button-content-wrapper\">\n\t\t\t\t\t\t\t\t\t<span class=\"elementor-button-text\">Kontakt<\/span>\n\t\t\t\t\t<\/span>\n\t\t\t\t\t<\/a>\n\t\t\t\t<\/div>\n\t\t\t\t\t\t\t\t<\/div>\n\t\t\t\t<\/div>\n\t\t\t\t<div class=\"elementor-element elementor-element-8a045e8 elementor-view-default elementor-widget elementor-widget-icon\" data-id=\"8a045e8\" data-element_type=\"widget\" data-widget_type=\"icon.default\">\n\t\t\t\t<div class=\"elementor-widget-container\">\n\t\t\t\t\t\t\t<div class=\"elementor-icon-wrapper\">\n\t\t\t<div class=\"elementor-icon\">\n\t\t\t<svg aria-hidden=\"true\" class=\"e-font-icon-svg e-fas-long-arrow-alt-down\" viewBox=\"0 0 256 512\" xmlns=\"http:\/\/www.w3.org\/2000\/svg\"><path d=\"M168 345.941V44c0-6.627-5.373-12-12-12h-56c-6.627 0-12 5.373-12 12v301.941H41.941c-21.382 0-32.09 25.851-16.971 40.971l86.059 86.059c9.373 9.373 24.569 9.373 33.941 0l86.059-86.059c15.119-15.119 4.411-40.971-16.971-40.971H168z\"><\/path><\/svg>\t\t\t<\/div>\n\t\t<\/div>\n\t\t\t\t\t\t<\/div>\n\t\t\t\t<\/div>\n\t\t\t\t<\/div>\n\t\t\t\t\t<\/div>\n\t\t\t\t<\/div>\n\t\t<div class=\"elementor-element elementor-element-d86f416 e-flex e-con-boxed e-con e-parent\" data-id=\"d86f416\" data-element_type=\"container\">\n\t\t\t\t\t<div class=\"e-con-inner\">\n\t\t<div class=\"elementor-element elementor-element-e2a66dd e-con-full e-flex e-con e-child\" data-id=\"e2a66dd\" data-element_type=\"container\">\n\t\t\t\t<div class=\"elementor-element elementor-element-96c9af5 elementor-widget elementor-widget-heading\" data-id=\"96c9af5\" data-element_type=\"widget\" data-widget_type=\"heading.default\">\n\t\t\t\t<div class=\"elementor-widget-container\">\n\t\t\t\t\t<h3 class=\"elementor-heading-title elementor-size-default\">\u00dcber uns<\/h3>\t\t\t\t<\/div>\n\t\t\t\t<\/div>\n\t\t\t\t<div class=\"elementor-element elementor-element-fb44a5d elementor-widget elementor-widget-text-editor\" data-id=\"fb44a5d\" data-element_type=\"widget\" data-widget_type=\"text-editor.default\">\n\t\t\t\t<div class=\"elementor-widget-container\">\n\t\t\t\t\t\t\t\t\t<p>Schreinermeister Christian Niebr\u00fcgge\u00a0<\/p>\t\t\t\t\t\t\t\t<\/div>\n\t\t\t\t<\/div>\n\t\t\t\t<div class=\"elementor-element elementor-element-e81b91b elementor-widget elementor-widget-hfe-infocard\" data-id=\"e81b91b\" data-element_type=\"widget\" data-widget_type=\"hfe-infocard.default\">\n\t\t\t\t<div class=\"elementor-widget-container\">\n\t\t\t\t\t\n\t\t<div class=\"hfe-infocard\">\n\t\t\t\t\t\t\t\t\t<div class=\"hfe-infocard-title-wrap\">\n\t\t\t\t<h2 class=\"hfe-infocard-title elementor-inline-editing\" data-elementor-setting-key=\"infocard_title\" data-elementor-inline-editing-toolbar=\"basic\" >Schreinerei Pinnekamp<\/h2>\t\t\t<\/div>\n\t\t\t\t\t\t<div class=\"hfe-infocard-text-wrap\">\n\t\t\t\t<div class=\"hfe-infocard-text elementor-inline-editing\" data-elementor-setting-key=\"infocard_description\" data-elementor-inline-editing-toolbar=\"advanced\">\n\t\t\t\t\t<p data-start=\"67\" data-end=\"319\">Die Schreinerei Pinnekamp steht f\u00fcr hochwertiges Handwerk, durchdachte Ma\u00dfarbeit und zuverl\u00e4ssige Ausf\u00fchrung.<br data-start=\"176\" data-end=\"179\">\nMit viel Erfahrung, handwerklichem Anspruch und einem sicheren Blick f\u00fcrs Detail entstehen individuelle L\u00f6sungen f\u00fcr Wohn- und Arbeitsr\u00e4ume.<\/p><p data-start=\"321\" data-end=\"531\">Ob M\u00f6bel nach Ma\u00df, Innenausbau oder Sonderanfertigungen \u2013 jedes Projekt wird sorgf\u00e4ltig geplant und pr\u00e4zise umgesetzt. Pers\u00f6nliche Beratung, saubere Arbeit und langlebige Ergebnisse stehen dabei im Mittelpunkt.<\/p><p>\n\n<\/p><p data-start=\"533\" data-end=\"644\">Holz ist f\u00fcr uns mehr als ein Werkstoff. Es ist die Grundlage f\u00fcr Qualit\u00e4t, Best\u00e4ndigkeit und zeitloses Design.<\/p>\t\t\t\t<\/div>\n\t\t\t\t\t\t\t<\/div>\n\t\t<\/div>\n\n\t\t\t\t\t\t<\/div>\n\t\t\t\t<\/div>\n\t\t\t\t<div class=\"elementor-element elementor-element-8a63f75 elementor-widget elementor-widget-counter\" data-id=\"8a63f75\" data-element_type=\"widget\" data-widget_type=\"counter.default\">\n\t\t\t\t<div class=\"elementor-widget-container\">\n\t\t\t\t\t\t\t<div class=\"elementor-counter\">\n\t\t\t<div class=\"elementor-counter-title\">+Jahre Erfahrung<\/div>\t\t\t<div class=\"elementor-counter-number-wrapper\">\n\t\t\t\t<span class=\"elementor-counter-number-prefix\"><\/span>\n\t\t\t\t<span class=\"elementor-counter-number\" data-duration=\"2000\" data-to-value=\"20\" data-from-value=\"0\">0<\/span>\n\t\t\t\t<span class=\"elementor-counter-number-suffix\"><\/span>\n\t\t\t<\/div>\n\t\t<\/div>\n\t\t\t\t\t\t<\/div>\n\t\t\t\t<\/div>\n\t\t\t\t<\/div>\n\t\t\t\t\t<\/div>\n\t\t\t\t<\/div>\n\t\t<div class=\"elementor-element elementor-element-dae2285 e-flex e-con-boxed e-con e-parent\" data-id=\"dae2285\" data-element_type=\"container\" data-settings=\"{&quot;background_background&quot;:&quot;classic&quot;}\">\n\t\t\t\t\t<div class=\"e-con-inner\">\n\t\t<div class=\"elementor-element elementor-element-1cc0575 e-con-full e-flex e-con e-child\" data-id=\"1cc0575\" data-element_type=\"container\">\n\t\t\t\t<div class=\"elementor-element elementor-element-be32a2f elementor-widget elementor-widget-heading\" data-id=\"be32a2f\" data-element_type=\"widget\" data-widget_type=\"heading.default\">\n\t\t\t\t<div class=\"elementor-widget-container\">\n\t\t\t\t\t<h2 class=\"elementor-heading-title elementor-size-default\">Unsere Leistungen<\/h2>\t\t\t\t<\/div>\n\t\t\t\t<\/div>\n\t\t\t\t<div class=\"elementor-element elementor-element-d00ddeb elementor-widget-divider--view-line elementor-widget elementor-widget-divider\" data-id=\"d00ddeb\" data-element_type=\"widget\" data-widget_type=\"divider.default\">\n\t\t\t\t<div class=\"elementor-widget-container\">\n\t\t\t\t\t\t\t<div class=\"elementor-divider\">\n\t\t\t<span class=\"elementor-divider-separator\">\n\t\t\t\t\t\t<\/span>\n\t\t<\/div>\n\t\t\t\t\t\t<\/div>\n\t\t\t\t<\/div>\n\t\t\t\t<div class=\"elementor-element elementor-element-c2b1ea4 elementor-widget elementor-widget-image-box\" data-id=\"c2b1ea4\" data-element_type=\"widget\" data-widget_type=\"image-box.default\">\n\t\t\t\t<div class=\"elementor-widget-container\">\n\t\t\t\t\t<div class=\"elementor-image-box-wrapper\"><div class=\"elementor-image-box-content\"><h4 class=\"elementor-image-box-title\">Innenausbau<\/h4><p class=\"elementor-image-box-description\">Einbauschr\u00e4nke, Wandverkleidungen, Decken, Treppen<\/p><\/div><\/div>\t\t\t\t<\/div>\n\t\t\t\t<\/div>\n\t\t\t\t<div class=\"elementor-element elementor-element-421d9aa elementor-widget-divider--view-line elementor-widget elementor-widget-divider\" data-id=\"421d9aa\" data-element_type=\"widget\" data-widget_type=\"divider.default\">\n\t\t\t\t<div class=\"elementor-widget-container\">\n\t\t\t\t\t\t\t<div class=\"elementor-divider\">\n\t\t\t<span class=\"elementor-divider-separator\">\n\t\t\t\t\t\t<\/span>\n\t\t<\/div>\n\t\t\t\t\t\t<\/div>\n\t\t\t\t<\/div>\n\t\t\t\t<div class=\"elementor-element elementor-element-4314198 elementor-widget elementor-widget-image-box\" data-id=\"4314198\" data-element_type=\"widget\" data-widget_type=\"image-box.default\">\n\t\t\t\t<div class=\"elementor-widget-container\">\n\t\t\t\t\t<div class=\"elementor-image-box-wrapper\"><div class=\"elementor-image-box-content\"><h4 class=\"elementor-image-box-title\"><strong data-start=\"596\" data-end=\"623\">K\u00fcchen &amp; Arbeitsplatten<\/strong><br data-start=\"623\" data-end=\"626\"><\/h4><p class=\"elementor-image-box-description\">Anpassung, Montage, Holzarbeitsplatten<\/p><\/div><\/div>\t\t\t\t<\/div>\n\t\t\t\t<\/div>\n\t\t\t\t<div class=\"elementor-element elementor-element-0fd6a21 elementor-widget-divider--view-line elementor-widget elementor-widget-divider\" data-id=\"0fd6a21\" data-element_type=\"widget\" data-widget_type=\"divider.default\">\n\t\t\t\t<div class=\"elementor-widget-container\">\n\t\t\t\t\t\t\t<div class=\"elementor-divider\">\n\t\t\t<span class=\"elementor-divider-separator\">\n\t\t\t\t\t\t<\/span>\n\t\t<\/div>\n\t\t\t\t\t\t<\/div>\n\t\t\t\t<\/div>\n\t\t\t\t<div class=\"elementor-element elementor-element-da7fbf2 elementor-widget elementor-widget-image-box\" data-id=\"da7fbf2\" data-element_type=\"widget\" data-widget_type=\"image-box.default\">\n\t\t\t\t<div class=\"elementor-widget-container\">\n\t\t\t\t\t<div class=\"elementor-image-box-wrapper\"><div class=\"elementor-image-box-content\"><h4 class=\"elementor-image-box-title\">M\u00f6bel nach Ma\u00df<\/h4><p class=\"elementor-image-box-description\">Schr\u00e4nke, Regale, Tische, Einzelanfertigungen<\/p><\/div><\/div>\t\t\t\t<\/div>\n\t\t\t\t<\/div>\n\t\t\t\t<div class=\"elementor-element elementor-element-ec47e9c elementor-widget-divider--view-line elementor-widget elementor-widget-divider\" data-id=\"ec47e9c\" data-element_type=\"widget\" data-widget_type=\"divider.default\">\n\t\t\t\t<div class=\"elementor-widget-container\">\n\t\t\t\t\t\t\t<div class=\"elementor-divider\">\n\t\t\t<span class=\"elementor-divider-separator\">\n\t\t\t\t\t\t<\/span>\n\t\t<\/div>\n\t\t\t\t\t\t<\/div>\n\t\t\t\t<\/div>\n\t\t\t\t<div class=\"elementor-element elementor-element-befa4f0 elementor-widget elementor-widget-image-box\" data-id=\"befa4f0\" data-element_type=\"widget\" data-widget_type=\"image-box.default\">\n\t\t\t\t<div class=\"elementor-widget-container\">\n\t\t\t\t\t<div class=\"elementor-image-box-wrapper\"><div class=\"elementor-image-box-content\"><h4 class=\"elementor-image-box-title\">Sonderanfertigungen<\/h4><p class=\"elementor-image-box-description\">Individuelle L\u00f6sungen nach Wunsch<\/p><\/div><\/div>\t\t\t\t<\/div>\n\t\t\t\t<\/div>\n\t\t\t\t<\/div>\n\t\t<div class=\"elementor-element elementor-element-2f4db7f e-con-full e-flex e-con e-child\" data-id=\"2f4db7f\" data-element_type=\"container\">\n\t\t\t\t<div class=\"elementor-element elementor-element-9d60f4d elementor-widget elementor-widget-heading\" data-id=\"9d60f4d\" data-element_type=\"widget\" data-widget_type=\"heading.default\">\n\t\t\t\t<div class=\"elementor-widget-container\">\n\t\t\t\t\t<h2 class=\"elementor-heading-title elementor-size-default\">Echtes Handwerk. Ehrliche Arbeit.<\/h2>\t\t\t\t<\/div>\n\t\t\t\t<\/div>\n\t\t\t\t<\/div>\n\t\t\t\t\t<\/div>\n\t\t\t\t<\/div>\n\t\t<div class=\"elementor-element elementor-element-fc1c9ac e-flex e-con-boxed e-con e-parent\" data-id=\"fc1c9ac\" data-element_type=\"container\">\n\t\t\t\t\t<div class=\"e-con-inner\">\n\t\t<div class=\"elementor-element elementor-element-688a7e5 e-con-full e-flex e-con e-child\" data-id=\"688a7e5\" data-element_type=\"container\">\n\t\t\t\t<div class=\"elementor-element elementor-element-ea40bcf elementor-widget elementor-widget-heading\" data-id=\"ea40bcf\" data-element_type=\"widget\" data-widget_type=\"heading.default\">\n\t\t\t\t<div class=\"elementor-widget-container\">\n\t\t\t\t\t<h3 class=\"elementor-heading-title elementor-size-default\">Referenzen<\/h3>\t\t\t\t<\/div>\n\t\t\t\t<\/div>\n\t\t\t\t<div class=\"elementor-element elementor-element-ca5e889 elementor-widget elementor-widget-heading\" data-id=\"ca5e889\" data-element_type=\"widget\" data-widget_type=\"heading.default\">\n\t\t\t\t<div class=\"elementor-widget-container\">\n\t\t\t\t\t<h2 class=\"elementor-heading-title elementor-size-default\">Einblicke in unsere Arbeit<\/h2>\t\t\t\t<\/div>\n\t\t\t\t<\/div>\n\t\t<div class=\"elementor-element elementor-element-8e68b1a e-flex e-con-boxed e-con e-child\" data-id=\"8e68b1a\" data-element_type=\"container\">\n\t\t\t\t\t<div class=\"e-con-inner\">\n\t\t\t\t<div class=\"elementor-element elementor-element-0fc7785 elementor-widget__width-initial elementor-widget-mobile__width-inherit elementor-position-top elementor-widget elementor-widget-image-box\" data-id=\"0fc7785\" data-element_type=\"widget\" data-widget_type=\"image-box.default\">\n\t\t\t\t<div class=\"elementor-widget-container\">\n\t\t\t\t\t<div class=\"elementor-image-box-wrapper\"><figure class=\"elementor-image-box-img\"><img fetchpriority=\"high\" decoding=\"async\" width=\"768\" height=\"1024\" src=\"https:\/\/schreinerei-pinnekamp.de\/wp-content\/uploads\/2026\/01\/20180728_145732-1-768x1024.jpg\" class=\"attachment-large size-large wp-image-1081\" alt=\"Restaurierter Schrank in rustikaler Optik\" title=\"Startseite\" srcset=\"https:\/\/schreinerei-pinnekamp.de\/wp-content\/uploads\/2026\/01\/20180728_145732-1-768x1024.jpg 768w, https:\/\/schreinerei-pinnekamp.de\/wp-content\/uploads\/2026\/01\/20180728_145732-1-225x300.jpg 225w, https:\/\/schreinerei-pinnekamp.de\/wp-content\/uploads\/2026\/01\/20180728_145732-1-1152x1536.jpg 1152w, https:\/\/schreinerei-pinnekamp.de\/wp-content\/uploads\/2026\/01\/20180728_145732-1-1536x2048.jpg 1536w, https:\/\/schreinerei-pinnekamp.de\/wp-content\/uploads\/2026\/01\/20180728_145732-1-scaled.jpg 1920w\" sizes=\"(max-width: 768px) 100vw, 768px\" \/><\/figure><div class=\"elementor-image-box-content\"><h4 class=\"elementor-image-box-title\">Restaurationen mit Fingerspitzengef\u00fchl<\/h4><p class=\"elementor-image-box-description\">Alte M\u00f6bel, T\u00fcren oder Holzelemente haben Charakter und Geschichte.\nWir restaurieren sorgf\u00e4ltig, erhalten Substanz und bringen Originalit\u00e4t zur\u00fcck.\nMit Respekt vor dem Material, handwerklicher Pr\u00e4zision und einem Auge f\u00fcrs Detail.<\/p><\/div><\/div>\t\t\t\t<\/div>\n\t\t\t\t<\/div>\n\t\t\t\t<div class=\"elementor-element elementor-element-c026ea0 elementor-widget__width-initial elementor-widget-mobile__width-inherit elementor-position-top elementor-widget elementor-widget-image-box\" data-id=\"c026ea0\" data-element_type=\"widget\" data-widget_type=\"image-box.default\">\n\t\t\t\t<div class=\"elementor-widget-container\">\n\t\t\t\t\t<div class=\"elementor-image-box-wrapper\"><figure class=\"elementor-image-box-img\"><img decoding=\"async\" width=\"576\" height=\"1024\" src=\"https:\/\/schreinerei-pinnekamp.de\/wp-content\/uploads\/2026\/01\/4.8-576x1024.jpg\" class=\"attachment-large size-large wp-image-1057\" alt=\"4.8\" title=\"Startseite\" srcset=\"https:\/\/schreinerei-pinnekamp.de\/wp-content\/uploads\/2026\/01\/4.8-576x1024.jpg 576w, https:\/\/schreinerei-pinnekamp.de\/wp-content\/uploads\/2026\/01\/4.8-169x300.jpg 169w, https:\/\/schreinerei-pinnekamp.de\/wp-content\/uploads\/2026\/01\/4.8-768x1365.jpg 768w, https:\/\/schreinerei-pinnekamp.de\/wp-content\/uploads\/2026\/01\/4.8-864x1536.jpg 864w, https:\/\/schreinerei-pinnekamp.de\/wp-content\/uploads\/2026\/01\/4.8-1152x2048.jpg 1152w, https:\/\/schreinerei-pinnekamp.de\/wp-content\/uploads\/2026\/01\/4.8-scaled.jpg 1440w\" sizes=\"(max-width: 576px) 100vw, 576px\" \/><\/figure><div class=\"elementor-image-box-content\"><h4 class=\"elementor-image-box-title\">Schr\u00e4nke und M\u00f6bel f\u00fcr Dachschr\u00e4gen<\/h4><p class=\"elementor-image-box-description\">Schr\u00e4gen, Nischen und ungew\u00f6hnliche Grundrisse erfordern Ma\u00dfarbeit.\nWir fertigen M\u00f6bel passgenau f\u00fcr Dachschr\u00e4gen und schwierige R\u00e4ume.\nJeder Zentimeter wird genutzt, funktional geplant und sauber umgesetzt.\nSo entsteht Stauraum, der sich perfekt in den Raum einf\u00fcgt.<\/p><\/div><\/div>\t\t\t\t<\/div>\n\t\t\t\t<\/div>\n\t\t\t\t<div class=\"elementor-element elementor-element-209969d elementor-widget__width-initial elementor-widget-mobile__width-inherit elementor-position-top elementor-widget elementor-widget-image-box\" data-id=\"209969d\" data-element_type=\"widget\" data-widget_type=\"image-box.default\">\n\t\t\t\t<div class=\"elementor-widget-container\">\n\t\t\t\t\t<div class=\"elementor-image-box-wrapper\"><figure class=\"elementor-image-box-img\"><img decoding=\"async\" width=\"768\" height=\"1024\" src=\"https:\/\/schreinerei-pinnekamp.de\/wp-content\/uploads\/2026\/01\/3.3-768x1024.jpg\" class=\"attachment-large size-large wp-image-1050\" alt=\"3.3\" title=\"Startseite\" srcset=\"https:\/\/schreinerei-pinnekamp.de\/wp-content\/uploads\/2026\/01\/3.3-768x1024.jpg 768w, https:\/\/schreinerei-pinnekamp.de\/wp-content\/uploads\/2026\/01\/3.3-225x300.jpg 225w, https:\/\/schreinerei-pinnekamp.de\/wp-content\/uploads\/2026\/01\/3.3-1152x1536.jpg 1152w, https:\/\/schreinerei-pinnekamp.de\/wp-content\/uploads\/2026\/01\/3.3-1536x2048.jpg 1536w, https:\/\/schreinerei-pinnekamp.de\/wp-content\/uploads\/2026\/01\/3.3-scaled.jpg 1920w\" sizes=\"(max-width: 768px) 100vw, 768px\" \/><\/figure><div class=\"elementor-image-box-content\"><h4 class=\"elementor-image-box-title\">Treppenverkleidungen und Treppenelemente<\/h4><p class=\"elementor-image-box-description\">Treppen pr\u00e4gen den Raum und m\u00fcssen langlebig wie pr\u00e4zise sein.\nWir fertigen Treppenverkleidungen, Stufen, Setzstufen und Gel\u00e4nder nach Ma\u00df.\nSauber angepasst, sicher montiert und optisch stimmig.\nF\u00fcr ein harmonisches Gesamtbild und dauerhafte Qualit\u00e4t.<\/p><\/div><\/div>\t\t\t\t<\/div>\n\t\t\t\t<\/div>\n\t\t\t\t\t<\/div>\n\t\t\t\t<\/div>\n\t\t\t\t<div class=\"elementor-element elementor-element-264a0bc elementor-widget elementor-widget-button\" data-id=\"264a0bc\" data-element_type=\"widget\" data-widget_type=\"button.default\">\n\t\t\t\t<div class=\"elementor-widget-container\">\n\t\t\t\t\t\t\t\t\t<div class=\"elementor-button-wrapper\">\n\t\t\t\t\t<a class=\"elementor-button elementor-button-link elementor-size-sm\" href=\"https:\/\/schreinerei-pinnekamp.de\/?page_id=507\">\n\t\t\t\t\t\t<span class=\"elementor-button-content-wrapper\">\n\t\t\t\t\t\t\t\t\t<span class=\"elementor-button-text\">Hier geht es zu unserer Galerie<\/span>\n\t\t\t\t\t<\/span>\n\t\t\t\t\t<\/a>\n\t\t\t\t<\/div>\n\t\t\t\t\t\t\t\t<\/div>\n\t\t\t\t<\/div>\n\t\t\t\t<\/div>\n\t\t\t\t\t<\/div>\n\t\t\t\t<\/div>\n\t\t<div class=\"elementor-element elementor-element-19f73d5 e-flex e-con-boxed e-con e-parent\" data-id=\"19f73d5\" data-element_type=\"container\" data-settings=\"{&quot;background_background&quot;:&quot;classic&quot;}\">\n\t\t\t\t\t<div class=\"e-con-inner\">\n\t\t<div class=\"elementor-element elementor-element-6eb36f3 e-con-full e-flex e-con e-child\" data-id=\"6eb36f3\" data-element_type=\"container\">\n\t\t\t\t<div class=\"elementor-element elementor-element-43edbc6 elementor-widget elementor-widget-heading\" data-id=\"43edbc6\" data-element_type=\"widget\" data-widget_type=\"heading.default\">\n\t\t\t\t<div class=\"elementor-widget-container\">\n\t\t\t\t\t<h3 class=\"elementor-heading-title elementor-size-default\">Wo Sie uns finden und wie Sie uns erreichen<\/h3>\t\t\t\t<\/div>\n\t\t\t\t<\/div>\n\t\t\t\t<\/div>\n\t\t<div class=\"elementor-element elementor-element-5ca044e e-con-full e-flex e-con e-child\" data-id=\"5ca044e\" data-element_type=\"container\">\n\t\t\t\t<div class=\"elementor-element elementor-element-fc3825c elementor-align-right elementor-mobile-align-center elementor-widget elementor-widget-button\" data-id=\"fc3825c\" data-element_type=\"widget\" data-widget_type=\"button.default\">\n\t\t\t\t<div class=\"elementor-widget-container\">\n\t\t\t\t\t\t\t\t\t<div class=\"elementor-button-wrapper\">\n\t\t\t\t\t<a class=\"elementor-button elementor-button-link elementor-size-sm\" href=\"https:\/\/schreinerei-pinnekamp.de\/?page_id=508\">\n\t\t\t\t\t\t<span class=\"elementor-button-content-wrapper\">\n\t\t\t\t\t\t\t\t\t<span class=\"elementor-button-text\">Kontakt<\/span>\n\t\t\t\t\t<\/span>\n\t\t\t\t\t<\/a>\n\t\t\t\t<\/div>\n\t\t\t\t\t\t\t\t<\/div>\n\t\t\t\t<\/div>\n\t\t\t\t<\/div>\n\t\t\t\t\t<\/div>\n\t\t\t\t<\/div>\n\t\t<div class=\"elementor-element elementor-element-62f5e57 e-flex e-con-boxed e-con e-parent\" data-id=\"62f5e57\" data-element_type=\"container\">\n\t\t\t\t\t<div class=\"e-con-inner\">\n\t\t\t\t<div class=\"elementor-element elementor-element-5521060 elementor-widget elementor-widget-image\" data-id=\"5521060\" data-element_type=\"widget\" data-widget_type=\"image.default\">\n\t\t\t\t<div class=\"elementor-widget-container\">\n\t\t\t\t\t\t\t\t\t\t\t\t\t\t\t<img loading=\"lazy\" decoding=\"async\" width=\"1024\" height=\"577\" src=\"https:\/\/schreinerei-pinnekamp.de\/wp-content\/uploads\/2026\/01\/20260121_161144-1024x577.jpg\" class=\"attachment-large size-large wp-image-1092\" alt=\"20260121 161144\" srcset=\"https:\/\/schreinerei-pinnekamp.de\/wp-content\/uploads\/2026\/01\/20260121_161144-1024x577.jpg 1024w, https:\/\/schreinerei-pinnekamp.de\/wp-content\/uploads\/2026\/01\/20260121_161144-300x169.jpg 300w, https:\/\/schreinerei-pinnekamp.de\/wp-content\/uploads\/2026\/01\/20260121_161144-768x432.jpg 768w, https:\/\/schreinerei-pinnekamp.de\/wp-content\/uploads\/2026\/01\/20260121_161144-1536x865.jpg 1536w, https:\/\/schreinerei-pinnekamp.de\/wp-content\/uploads\/2026\/01\/20260121_161144-2048x1153.jpg 2048w\" sizes=\"(max-width: 1024px) 100vw, 1024px\" title=\"Startseite\">\t\t\t\t\t\t\t\t\t\t\t\t\t\t\t<\/div>\n\t\t\t\t<\/div>\n\t\t\t\t\t<\/div>\n\t\t\t\t<\/div>\n\t\t\t\t<\/div>\n\t\t","protected":false},"excerpt":{"rendered":"<p>Willkommen bei Pinnekamp Individuelle Ma\u00dfarbeit aus Holz. Kontakt \u00dcber uns Schreinermeister Christian Niebr\u00fcgge\u00a0 Schreinerei Pinnekamp Die Schreinerei Pinnekamp steht f\u00fcr hochwertiges Handwerk, durchdachte Ma\u00dfarbeit und zuverl\u00e4ssige Ausf\u00fchrung. Mit viel Erfahrung, handwerklichem Anspruch und einem sicheren Blick f\u00fcrs Detail entstehen individuelle L\u00f6sungen f\u00fcr Wohn- und Arbeitsr\u00e4ume. Ob M\u00f6bel nach Ma\u00df, Innenausbau oder Sonderanfertigungen \u2013 jedes Projekt [&hellip;]<\/p>\n","protected":false},"author":1,"featured_media":0,"parent":0,"menu_order":0,"comment_status":"closed","ping_status":"closed","template":"","meta":{"site-sidebar-layout":"no-sidebar","site-content-layout":"page-builder","ast-site-content-layout":"full-width-container","site-content-style":"unboxed","site-sidebar-style":"unboxed","ast-global-header-display":"","ast-banner-title-visibility":"","ast-main-header-display":"","ast-hfb-above-header-display":"","ast-hfb-below-header-display":"","ast-hfb-mobile-header-display":"","site-post-title":"disabled","ast-breadcrumbs-content":"","ast-featured-img":"disabled","footer-sml-layout":"","ast-disable-related-posts":"","theme-transparent-header-meta":"enabled","adv-header-id-meta":"","stick-header-meta":"","header-above-stick-meta":"","header-main-stick-meta":"","header-below-stick-meta":"","astra-migrate-meta-layouts":"set","ast-page-background-enabled":"default","ast-page-background-meta":{"desktop":{"background-color":"","background-image":"","background-repeat":"repeat","background-position":"center center","background-size":"auto","background-attachment":"scroll","background-type":"","background-media":"","overlay-type":"","overlay-color":"","overlay-opacity":"","overlay-gradient":""},"tablet":{"background-color":"","background-image":"","background-repeat":"repeat","background-position":"center center","background-size":"auto","background-attachment":"scroll","background-type":"","background-media":"","overlay-type":"","overlay-color":"","overlay-opacity":"","overlay-gradient":""},"mobile":{"background-color":"","background-image":"","background-repeat":"repeat","background-position":"center center","background-size":"auto","background-attachment":"scroll","background-type":"","background-media":"","overlay-type":"","overlay-color":"","overlay-opacity":"","overlay-gradient":""}},"ast-content-background-meta":{"desktop":{"background-color":"var(--ast-global-color-5)","background-image":"","background-repeat":"repeat","background-position":"center center","background-size":"auto","background-attachment":"scroll","background-type":"","background-media":"","overlay-type":"","overlay-color":"","overlay-opacity":"","overlay-gradient":""},"tablet":{"background-color":"var(--ast-global-color-5)","background-image":"","background-repeat":"repeat","background-position":"center center","background-size":"auto","background-attachment":"scroll","background-type":"","background-media":"","overlay-type":"","overlay-color":"","overlay-opacity":"","overlay-gradient":""},"mobile":{"background-color":"var(--ast-global-color-5)","background-image":"","background-repeat":"repeat","background-position":"center center","background-size":"auto","background-attachment":"scroll","background-type":"","background-media":"","overlay-type":"","overlay-color":"","overlay-opacity":"","overlay-gradient":""}},"footnotes":""},"class_list":["post-125","page","type-page","status-publish","hentry"],"_links":{"self":[{"href":"https:\/\/schreinerei-pinnekamp.de\/index.php?rest_route=\/wp\/v2\/pages\/125","targetHints":{"allow":["GET"]}}],"collection":[{"href":"https:\/\/schreinerei-pinnekamp.de\/index.php?rest_route=\/wp\/v2\/pages"}],"about":[{"href":"https:\/\/schreinerei-pinnekamp.de\/index.php?rest_route=\/wp\/v2\/types\/page"}],"author":[{"embeddable":true,"href":"https:\/\/schreinerei-pinnekamp.de\/index.php?rest_route=\/wp\/v2\/users\/1"}],"replies":[{"embeddable":true,"href":"https:\/\/schreinerei-pinnekamp.de\/index.php?rest_route=%2Fwp%2Fv2%2Fcomments&post=125"}],"version-history":[{"count":46,"href":"https:\/\/schreinerei-pinnekamp.de\/index.php?rest_route=\/wp\/v2\/pages\/125\/revisions"}],"predecessor-version":[{"id":1216,"href":"https:\/\/schreinerei-pinnekamp.de\/index.php?rest_route=\/wp\/v2\/pages\/125\/revisions\/1216"}],"wp:attachment":[{"href":"https:\/\/schreinerei-pinnekamp.de\/index.php?rest_route=%2Fwp%2Fv2%2Fmedia&parent=125"}],"curies":[{"name":"wp","href":"https:\/\/api.w.org\/{rel}","templated":true}]}}